{"id":59,"date":"2014-03-22T23:00:14","date_gmt":"2014-03-22T22:00:14","guid":{"rendered":"http:\/\/sizious.com\/fr\/?page_id=59"},"modified":"2016-06-05T13:17:35","modified_gmt":"2016-06-05T12:17:35","slug":"pc","status":"publish","type":"page","link":"https:\/\/sizious.com\/fr\/telechargements\/pc\/","title":{"rendered":"T\u00e9l\u00e9chargements PC"},"content":{"rendered":"<p>Cette section contient des fichiers \u00e0 destination de votre\u00a0<strong>ordinateur<\/strong>, compress\u00e9s au format\u00a0<strong>.7z<\/strong>\u00a0pour la plupart et ouvrables avec\u00a0<a title=\"7-zip\" href=\"http:\/\/www.7-zip.org\" target=\"_blank\">7-zip<\/a>. Vous n&rsquo;avez pas besoin d&rsquo;installer quoi que ce soit pour les utiliser. Tous ces outils mis \u00e0 votre disposition sont pour\u00a0<a title=\"Microsoft Windows\" href=\"http:\/\/fr.wikipedia.org\/wiki\/Microsoft_Windows\" target=\"_blank\">Microsoft Windows<\/a>.<\/p>\n<div id=\"toc\"><!-- TOC --><\/div>\n<h1 style=\"text-align: left;\">Ecrans de veille<\/h1>\n<p>Cette sous-section contient des \u00e9crans de veille et\/ou des outils d\u00e9di\u00e9s \u00e0 cela.<\/p>\n<h2>1995 par kewlers and mfx<\/h2>\n<p>Ce programme de type \u00ab\u00a0chargeur\u00a0\u00bb permet de transformer la d\u00e9mo <a title=\"1995 demo by kewlers\/mfx\" href=\"http:\/\/www.pouet.net\/prod.php?which=25783\" target=\"_blank\">1995 r\u00e9alis\u00e9e par kewlers and mfx<\/a> en un \u00e9cran de veille \u00ab\u00a0natif\u00a0\u00bb pour votre PC. Les options de r\u00e9solution, du format d&rsquo;\u00e9cran, de son et de FSAA sont support\u00e9es. Suivez les instructions incluses dans le paquet pour comprendre comment mettre en place ce programme.<\/p>\n<div style=\"width: 650px\" class=\"wp-caption aligncenter\"><img loading=\"lazy\" decoding=\"async\" src=\"http:\/\/media.sizious.com\/screens\/pc\/1995.jpg\" alt=\"1995 Demo Screensaver\" width=\"640\" height=\"473\" \/><p class=\"wp-caption-text\">1995 Demo Screensaver Loader<\/p><\/div>\n<p style=\"text-align: center;\"><a title=\"1995 Screensaver\" href=\"http:\/\/download.sizious.com\/pc\/scrsavs\/1995_screensaver_rtu.7z\">T\u00e9l\u00e9charger 1995 Demo Screensaver<\/a> | <a title=\"1995 Screensaver (Chargeur seul)\" href=\"http:\/\/download.sizious.com\/pc\/scrsavs\/1995_screensaver_loader_only.7z\">T\u00e9l\u00e9charger le chargeur seulement<\/a><\/p>\n<h1>Outils de r\u00e9cup\u00e9ration pour HP<\/h1>\n<p>Cette section contient des outils que j&rsquo;ai fait pour restaurer les ordinateurs portables HP \u00e0 partir de z\u00e9ro, sans partition de r\u00e9cup\u00e9ration, en se concentrant sur la fonction de la touche <strong>F11<\/strong>. La touche <strong>F11<\/strong> est une fonction du <strong>BIOS<\/strong> disponible sur\u00a0certains ordinateurs portables HP vous permettant de d\u00e9marrer le processus de r\u00e9cup\u00e9ration lors du d\u00e9marrage. R\u00e9activer\u00a0cette\u00a0touche\u00a0\u00e9tait vraiment\u00a0difficile, c&rsquo;est pourquoi j&rsquo;ai cr\u00e9\u00e9 ces paquets. Ils ont \u00e9t\u00e9 utilis\u00e9s avec succ\u00e8s sur un <strong>HP G62-a57SF<\/strong>\u00a0tournant sous\u00a0<strong>Windows 7<\/strong>.<\/p>\n<p><span style=\"color: #ff0000;\"><strong>Et bien s\u00fbr, toutes ces choses sont fournies sans garanties dans l&rsquo;espoir qu&rsquo;elles vous seront utiles. Utilisez ces paquets \u00e0 vos propres risques.<\/strong><\/span><\/p>\n<h2>Recovery Tools 4.0.1 Windows 7 MBR pour\u00a0HP<\/h2>\n<p>Ceci est le paquet principal con\u00e7u pour recr\u00e9er la partition de r\u00e9cup\u00e9ration sur les ordinateurs portables HP avec une touche <strong>F11<\/strong> fonctionnelle. Cet outil est bas\u00e9 sur le super\u00a0package <a href=\"https:\/\/www3.anarethos.com\/\" target=\"_blank\">Recovery Tools d&rsquo;AnarethoS<\/a>. Toutes les instructions d&rsquo;utilisation sont incluses dans le paquet.<\/p>\n<p style=\"text-align: center;\"><a href=\"http:\/\/download.sizious.com\/pc\/hp\/recovery_tools_v4.0.1-windows_7_mbr_for_hp-release-20151014.7z\">T\u00e9l\u00e9charger\u00a0Recovery Tools 4.0.1 Windows 7 MBR pour HP<\/a><\/p>\n<h2>HP F11 BIOS Hotkey Enabler (utilitaire seulement)<\/h2>\n<p>Si vous voulez simplement r\u00e9activer la touche <strong>F11\u00a0<\/strong>du BIOS sans recr\u00e9er toute la partition de r\u00e9cup\u00e9ration, peut-\u00eatre que vous devriez juste t\u00e9l\u00e9charger ce paquet \u00e0 la place. S&rsquo;il vous pla\u00eet, veuillez noter que si vous avez t\u00e9l\u00e9charg\u00e9 les outils de r\u00e9cup\u00e9ration ci-dessus, vous ne devez pas t\u00e9l\u00e9charger cela car cet utilitaire en fait\u00a0d\u00e9j\u00e0 partie. <strong>T\u00e9l\u00e9charger cela seulement si vous \u00eates un expert et que vous savez exactement ce que vous faites.<\/strong><\/p>\n<p style=\"text-align: center;\"><a href=\"http:\/\/download.sizious.com\/pc\/hp\/hpf11key.zip\">T\u00e9l\u00e9charger\u00a0HP F11 BIOS Hotkey Enabler<\/a><\/p>\n<h1>Polices<\/h1>\n<p>Trouvez ci-dessous quelques polices de caract\u00e8res sympatiques pour Windows.<\/p>\n<ul>\n<li><a title=\"Sega Dreamcast Logo Font\" href=\"http:\/\/download.sizious.com\/pc\/fonts\/dreamcast-font.7z\">Dreamcast<\/a> : Police de caract\u00e8re du logo Sega Dreamcast<\/li>\n<li><a title=\"Sega Logo Font\" href=\"http:\/\/download.sizious.com\/pc\/fonts\/sega_logo-font.7z\">Sega<\/a> : Police de Sega<\/li>\n<li><a title=\"Sonic Title Font\" href=\"http:\/\/download.sizious.com\/pc\/fonts\/sonic_title-font.7z\">Sonic<\/a> : Police utilis\u00e9e dans le titre de Sonic<\/li>\n<\/ul>\n<h1>Utilitaires Grand Theft Auto: Vice City<\/h1>\n<p style=\"text-align: left;\">Dans cette sous-section vous trouverez des outils que j&rsquo;ai r\u00e9alis\u00e9 pour le jeu <strong>GTA: Vice City<\/strong> sous <strong>Windows<\/strong>. J&rsquo;ai vraiment aim\u00e9 ce jeu, c&rsquo;est pourquoi j&rsquo;ai d\u00e9cid\u00e9 de continuer \u00e0 distribuer ces outils anciens.<\/p>\n<h2>GTA-VC Process Killer<\/h2>\n<p style=\"text-align: left;\">Ce programme permet de quitter GTA quand celui-ci plante, en appuyant sur un raccourci clavier. C&rsquo;est particuli\u00e8rement utile lorsque vous installez un nouveau Mod et que l&rsquo;\u00e9cran de chargement du jeu reste bloqu\u00e9 : en effet cela indique que le jeu est plant\u00e9 et il est fort probable que le Mod install\u00e9 soit en cause.<\/p>\n<div style=\"width: 424px\" class=\"wp-caption aligncenter\"><img loading=\"lazy\" decoding=\"async\" title=\"GTA-VC Process Killer\" src=\"http:\/\/media.sizious.com\/screens\/pc\/gta_pk.jpg\" alt=\"GTA-VC Process Killer\" width=\"414\" height=\"232\" \/><p class=\"wp-caption-text\">GTA-VC Process Killer<\/p><\/div>\n<p style=\"text-align: center;\"><a title=\"GTA-VC Process Killer\" href=\"http:\/\/download.sizious.com\/pc\/vicecity\/gta_pk.zip\">T\u00e9l\u00e9charger GTA-VC Process Killer<\/a><\/p>\n<h2>Vice City Mod Manager<\/h2>\n<p style=\"text-align: left;\"><strong>Vice City Mod Manager<\/strong> (<strong>VCMM<\/strong>) est un super outil cr\u00e9\u00e9 par\u00a0<a title=\"LithJoe\" href=\"http:\/\/www.gtagaming.com\/downloads\/author\/LithJoe\" target=\"_blank\">LithJoe<\/a>\u00a0pour faciliter l&rsquo;installation de Mods pour le jeu <strong>GTA: Vice City<\/strong>. Il utilise un format cr\u00e9\u00e9 sp\u00e9cialement pour l&rsquo;occasion : les paquets <strong>.VCM<\/strong>. Ceux-ci contiennent les donn\u00e9es du Mod ainsi que les scripts d&rsquo;installation. Pour cr\u00e9er des paquets <strong>.VCM<\/strong>, vous devez utiliser <strong>Vice City Mod Packager<\/strong> (<strong>VCMP<\/strong>) du m\u00eame auteur que vous pouvez \u00e9galement t\u00e9l\u00e9charger ci-dessous.<\/p>\n<ul>\n<li><a title=\"Vice City Mod Manager\" href=\"http:\/\/download.sizious.com\/pc\/vicecity\/vcmm_10.zip\">T\u00e9l\u00e9charger Vice City Mod Manager<\/a><\/li>\n<li><a title=\"Vice City Mod Packager\" href=\"http:\/\/download.sizious.com\/pc\/vicecity\/vcmp_22.zip\">T\u00e9l\u00e9charger Vice City Mod Packager<\/a><\/li>\n<li><a title=\"Vice City Mod Packager Unofficial Documentation\" href=\"http:\/\/download.sizious.com\/pc\/vicecity\/vcmp_tut.zip\">T\u00e9l\u00e9charger la documentation non-officielle de Vice City Mod Packager<\/a><\/li>\n<\/ul>\n<p style=\"text-align: left;\">J&rsquo;ai distribu\u00e9 pas mal d&rsquo;outils autour de <strong>VCMM<\/strong> et de <strong>VCMP<\/strong>, c&rsquo;est pourquoi ils sont distribu\u00e9s ici avec mes propres outils.<\/p>\n<h3>Bike Script Generator<\/h3>\n<p style=\"text-align: left;\">Ce programme a \u00e9t\u00e9 cr\u00e9\u00e9 pour g\u00e9n\u00e9rer des scripts \u00e0 utiliser avec <strong>Vice City Mod Packager<\/strong> (<strong>VCMP<\/strong>) par <a title=\"LithJoe\" href=\"http:\/\/www.gtagaming.com\/downloads\/author\/LithJoe\" target=\"_blank\">LithJoe<\/a>, dans le but de cr\u00e9er des Mods contenant des motos. En effet, cr\u00e9er une voiture est une fonction standard incluse dans <strong>VCMP<\/strong> mais pas les motos. Ce programme va donc permettre la cr\u00e9ation de scripts pour les Mods de motos. Veuillez noter que vous devez \u00e9videmment utiliser <strong>VCMP<\/strong> en plus de cet outil, car <strong>celui-ci ne s&rsquo;occupe que de la cr\u00e9ation du script<\/strong>.<\/p>\n<div style=\"width: 593px\" class=\"wp-caption aligncenter\"><img loading=\"lazy\" decoding=\"async\" class=\" \" title=\"VCM Bike Script Generator\" src=\"http:\/\/media.sizious.com\/screens\/pc\/genebike.jpg\" alt=\"VCM Bike Script Generator\" width=\"583\" height=\"440\" \/><p class=\"wp-caption-text\">VCM Bike Script Generator<\/p><\/div>\n<p style=\"text-align: center;\"><a title=\"VCM Bike Script Generator\" href=\"http:\/\/download.sizious.com\/pc\/vicecity\/genebike.zip\">T\u00e9l\u00e9charger VCM Bike Script Generator<\/a><\/p>\n<h3>Screenshot Maker<\/h3>\n<div style=\"width: 473px\" class=\"wp-caption aligncenter\"><img loading=\"lazy\" decoding=\"async\" class=\" \" title=\"VCM Screenshot Maker\" src=\"http:\/\/media.sizious.com\/screens\/pc\/scrmake.jpg\" alt=\"VCM Screenshot Maker\" width=\"463\" height=\"173\" \/><p class=\"wp-caption-text\">VCM Screenshot Maker<\/p><\/div>\n<p style=\"text-align: left;\">Ce petit outil permet de cr\u00e9er simplement une capture d&rsquo;\u00e9cran ainsi qu&rsquo;une vignette (171 x 128) pour <strong>VCMP<\/strong>, en appuyant une simple touche de raccourci.<\/p>\n<p style=\"text-align: center;\"><a title=\"VCMP Screenshot Maker\" href=\"http:\/\/download.sizious.com\/pc\/vicecity\/scrmake.zip\">T\u00e9l\u00e9charger VCMP Screenshot Maker<\/a><\/p>\n<h3>Thumb Creator<\/h3>\n<div style=\"width: 454px\" class=\"wp-caption aligncenter\"><img loading=\"lazy\" decoding=\"async\" class=\" \" title=\"VCM Thumb Creator\" src=\"http:\/\/media.sizious.com\/screens\/pc\/makethmb.jpg\" alt=\"VCM Thumb Creator\" width=\"444\" height=\"185\" \/><p class=\"wp-caption-text\">VCM Thumb Creator<\/p><\/div>\n<p style=\"text-align: left;\">Cet outil permet de convertir simplement une capture d&rsquo;\u00e9cran au format vignette pour <strong>Vice City Mod Manager<\/strong> (<strong>VCMM<\/strong>).<\/p>\n<p style=\"text-align: center;\"><a title=\"VCMP Thumb Creator\" href=\"http:\/\/download.sizious.com\/pc\/vicecity\/makethmb.zip\">T\u00e9l\u00e9charger VCMP Thumb Creator<\/a><\/p>\n","protected":false},"excerpt":{"rendered":"<p>Cette section contient des fichiers \u00e0 destination de votre\u00a0ordinateur, compress\u00e9s au format\u00a0.7z\u00a0pour la plupart et ouvrables avec\u00a07-zip. Vous n&rsquo;avez pas besoin d&rsquo;installer quoi que ce soit pour les utiliser. Tous ces outils mis \u00e0 votre disposition sont pour\u00a0Microsoft Windows. Ecrans de veille Cette sous-section contient des \u00e9crans de veille et\/ou des outils d\u00e9di\u00e9s \u00e0 cela.\u2026 <span class=\"read-more\"><a href=\"https:\/\/sizious.com\/fr\/telechargements\/pc\/\">Lire la suite &raquo;<\/a><\/span><\/p>\n","protected":false},"author":1,"featured_media":0,"parent":27,"menu_order":3,"comment_status":"open","ping_status":"open","template":"","meta":{"_monsterinsights_skip_tracking":false,"_monsterinsights_sitenote_active":false,"_monsterinsights_sitenote_note":"","_monsterinsights_sitenote_category":0,"footnotes":""},"class_list":["post-59","page","type-page","status-publish","hentry"],"aioseo_notices":[],"_links":{"self":[{"href":"https:\/\/sizious.com\/fr\/wp-json\/wp\/v2\/pages\/59","targetHints":{"allow":["GET"]}}],"collection":[{"href":"https:\/\/sizious.com\/fr\/wp-json\/wp\/v2\/pages"}],"about":[{"href":"https:\/\/sizious.com\/fr\/wp-json\/wp\/v2\/types\/page"}],"author":[{"embeddable":true,"href":"https:\/\/sizious.com\/fr\/wp-json\/wp\/v2\/users\/1"}],"replies":[{"embeddable":true,"href":"https:\/\/sizious.com\/fr\/wp-json\/wp\/v2\/comments?post=59"}],"version-history":[{"count":7,"href":"https:\/\/sizious.com\/fr\/wp-json\/wp\/v2\/pages\/59\/revisions"}],"predecessor-version":[{"id":176,"href":"https:\/\/sizious.com\/fr\/wp-json\/wp\/v2\/pages\/59\/revisions\/176"}],"up":[{"embeddable":true,"href":"https:\/\/sizious.com\/fr\/wp-json\/wp\/v2\/pages\/27"}],"wp:attachment":[{"href":"https:\/\/sizious.com\/fr\/wp-json\/wp\/v2\/media?parent=59"}],"curies":[{"name":"wp","href":"https:\/\/api.w.org\/{rel}","templated":true}]}}