{"id":55,"date":"2014-03-22T22:57:25","date_gmt":"2014-03-22T21:57:25","guid":{"rendered":"http:\/\/sizious.com\/fr\/?page_id=55"},"modified":"2015-02-07T16:17:27","modified_gmt":"2015-02-07T15:17:27","slug":"gamecube","status":"publish","type":"page","link":"https:\/\/sizious.com\/fr\/telechargements\/gamecube\/","title":{"rendered":"T\u00e9l\u00e9chargements Nintendo GameCube"},"content":{"rendered":"<p>Cette section contient les rares outils que j&rsquo;ai publi\u00e9s pour la <strong>Nintendo GameCube<\/strong>, compress\u00e9s dans le format<strong> .7z<\/strong> et utilisables avec le programme gratuit <a title=\"7-zip\" href=\"http:\/\/www.7-zip.org\" target=\"_blank\">7-zip<\/a>. Ils sont utilisables directement sans installation, il suffit simplement de les d\u00e9compresser. Ils sont tous destin\u00e9s \u00e0 \u00eatre ex\u00e9cut\u00e9s sous <a title=\"Microsoft Windows\" href=\"http:\/\/fr.wikipedia.org\/wiki\/Microsoft_Windows\" target=\"_blank\">Microsoft Windows<\/a>.<\/p>\n<div id=\"toc\"><!-- TOC --><\/div>\n<h1>N64 Emulator Roms Injector<\/h1>\n<p>Cet utilitaire tr\u00e8s simple a \u00e9t\u00e9 cr\u00e9\u00e9 pour changer la <a title=\"D\u00e9finition de ROM\" href=\"http:\/\/fr.wikipedia.org\/wiki\/ROM_(jeu_vid%C3%A9o)#.C3.89mulation_de_jeu\" target=\"_blank\">ROM<\/a> pr\u00e9sente dans l&rsquo;\u00e9mulateur <strong>Nintendo 64<\/strong> pour <strong>Nintendo GameCube<\/strong> distribu\u00e9e par\u00a0<strong>EXPERIENCE<\/strong>. Cet \u00e9mulateur a \u00e9t\u00e9 r\u00e9alis\u00e9 par Nintendo et provient des disques <a title=\"The Legend of Zelda: Collector's Edition\" href=\"http:\/\/fr.wikipedia.org\/wiki\/The_Legend_of_Zelda%3A_Collector%27s_Edition\" target=\"_blank\">Zelda<\/a> publi\u00e9s sur <strong>Nintendo GameCube. <\/strong>Pour cette raison \u00e9vidente,\u00a0l&rsquo;\u00e9mulateur lui-m\u00eame n&rsquo;est pas disponible ici. Cependant c&rsquo;est une des seule fa\u00e7ons connue \u00e0 ce jour de jouer \u00e0 la N64 sur la <strong>Nintendo GameCube<\/strong>.<\/p>\n<div style=\"width: 417px\" class=\"wp-caption aligncenter\"><img loading=\"lazy\" decoding=\"async\" src=\"http:\/\/media.sizious.com\/screens\/gc\/n64inj.png\" alt=\"N64 Emulator ROMS Injector\" width=\"407\" height=\"320\" \/><p class=\"wp-caption-text\">N64 Emulator ROMS Injector<\/p><\/div>\n<p>Pour trouver l&rsquo;\u00e9mulateur en question, utilisez votre moteur de recherche pr\u00e9f\u00e9r\u00e9 avec les mots clefs suivants :<\/p>\n<ul>\n<li>NINTENDO.64.EMULATOR.V2.0.NGC-EXP<\/li>\n<li>exp-n64v2.gcm<\/li>\n<\/ul>\n<p>Bonne chance, Jim.<\/p>\n<p style=\"text-align: center;\"><a title=\"N64 Emulator ROMS Injector\" href=\"http:\/\/download.sizious.com\/gc\/n64inj\/n64inj-1.0.7z\">T\u00e9l\u00e9charger N64 Emulator Roms Injector<\/a><\/p>\n<h1>UnMultiBoot<\/h1>\n<p>Cet utilitaire en ligne de commandes est d\u00e9di\u00e9 \u00e0 extraire les <a title=\"Cr\u00e9er un DVD multiboot GameCube\" href=\"http:\/\/www.metagames-eu.com\/forums\/game-cube\/tuto-creer-un-dvd-multiboot-vers-maj-46374.html\" target=\"_blank\">images multi-jeux<\/a> <strong>Nintendo GameCube<\/strong> cr\u00e9\u00e9es par des utilitaires comme <a title=\"GCMUtility\" href=\"http:\/\/ghoom.free.fr\/\" target=\"_blank\">GCMUtility<\/a>, <a title=\"Viper Multi Boot ISO Creator\" href=\"http:\/\/wiki.gbatemp.net\/wiki\/Viper_Multi_Boot_ISO_Creator\" target=\"_blank\">Viper Multi Boot ISO Creator<\/a>\u00a0ou autre.<\/p>\n<p style=\"text-align: center;\"><a title=\"UnMultiBoot\" href=\"http:\/\/download.sizious.com\/gc\/unmboot\/unmboot-1.0.7z\">T\u00e9l\u00e9charger UnMultiBoot<\/a><\/p>\n","protected":false},"excerpt":{"rendered":"<p>Cette section contient les rares outils que j&rsquo;ai publi\u00e9s pour la Nintendo GameCube, compress\u00e9s dans le format .7z et utilisables avec le programme gratuit 7-zip. Ils sont utilisables directement sans installation, il suffit simplement de les d\u00e9compresser. Ils sont tous destin\u00e9s \u00e0 \u00eatre ex\u00e9cut\u00e9s sous Microsoft Windows. N64 Emulator Roms Injector Cet utilitaire tr\u00e8s simple\u2026 <span class=\"read-more\"><a href=\"https:\/\/sizious.com\/fr\/telechargements\/gamecube\/\">Lire la suite &raquo;<\/a><\/span><\/p>\n","protected":false},"author":1,"featured_media":0,"parent":27,"menu_order":1,"comment_status":"open","ping_status":"open","template":"","meta":{"_monsterinsights_skip_tracking":false,"_monsterinsights_sitenote_active":false,"_monsterinsights_sitenote_note":"","_monsterinsights_sitenote_category":0,"footnotes":""},"class_list":["post-55","page","type-page","status-publish","hentry"],"aioseo_notices":[],"_links":{"self":[{"href":"https:\/\/sizious.com\/fr\/wp-json\/wp\/v2\/pages\/55","targetHints":{"allow":["GET"]}}],"collection":[{"href":"https:\/\/sizious.com\/fr\/wp-json\/wp\/v2\/pages"}],"about":[{"href":"https:\/\/sizious.com\/fr\/wp-json\/wp\/v2\/types\/page"}],"author":[{"embeddable":true,"href":"https:\/\/sizious.com\/fr\/wp-json\/wp\/v2\/users\/1"}],"replies":[{"embeddable":true,"href":"https:\/\/sizious.com\/fr\/wp-json\/wp\/v2\/comments?post=55"}],"version-history":[{"count":8,"href":"https:\/\/sizious.com\/fr\/wp-json\/wp\/v2\/pages\/55\/revisions"}],"predecessor-version":[{"id":147,"href":"https:\/\/sizious.com\/fr\/wp-json\/wp\/v2\/pages\/55\/revisions\/147"}],"up":[{"embeddable":true,"href":"https:\/\/sizious.com\/fr\/wp-json\/wp\/v2\/pages\/27"}],"wp:attachment":[{"href":"https:\/\/sizious.com\/fr\/wp-json\/wp\/v2\/media?parent=55"}],"curies":[{"name":"wp","href":"https:\/\/api.w.org\/{rel}","templated":true}]}}